{"id":18,"date":"2015-01-26T21:22:49","date_gmt":"2015-01-26T21:22:49","guid":{"rendered":"http:\/\/slc.aait.nu\/?page_id=18"},"modified":"2017-06-05T22:24:11","modified_gmt":"2017-06-05T22:24:11","slug":"team-2015","status":"publish","type":"page","link":"https:\/\/slc.se\/?page_id=18","title":{"rendered":"Team 2015, Anm\u00e4lningar."},"content":{"rendered":"<p><strong><span class=\"userContent\" data-ft=\"{&quot;tn&quot;:&quot;K&quot;}\">Delt\u00e4vling 6 17 Oktober Mantorp Park (uppdaterat 16\/10)<br \/>\n<\/span><\/strong><\/p>\n<p>Hel\u00e5rsanm\u00e4lda<\/p>\n<p><span class=\"userContent\" data-ft=\"{&quot;tn&quot;:&quot;K&quot;}\">#1 Canard Racing, Kl.1B &#8211; Ginetta G20<br \/>\n#2\u00a0 Canard Racing, Kl.1B &#8211; Ginetta G20<br \/>\n#7 Kressner Motorsport kl.2B &#8211; BMW GTR<a title=\"K\u00f6nig Facebook\" href=\"https:\/\/www.facebook.com\/KoenigMotorsport9\" target=\"_blank\"><br \/>\n#9 K\u00f6nig Motorsport kl.1B &#8211; Honda Civic Type R<\/a><br \/>\n<a title=\"Team A Sweden\" href=\"https:\/\/www.facebook.com\/pages\/TeamA-Sweden-Racing\/1607054562859700?\" target=\"_blank\">#11 Team A Sweden kl.2A &#8211; Golf MK5<\/a><a title=\"RDS BIlverkstad\" href=\"http:\/\/www.rdsracing.se\" target=\"_blank\"><br \/>\n#18 RDS Bilverkstad kl.1B &#8211; Honda CRX<\/a> &#8211; <a title=\"RDS Facebook\" href=\"https:\/\/www.facebook.com\/groups\/151452128383711\/\" target=\"_blank\">Facebook<\/a><a title=\"Glenn Racing\" href=\"https:\/\/www.facebook.com\/teamglennracing\" target=\"_blank\"><br \/>\n#21 Glenn Racing kl.1B \u2013 Opel Calibra<br \/>\n<\/a><span class=\"userContent\">#34 4Tech &amp; Ramcon Racing<\/span><a title=\"Glenn Racing\" href=\"https:\/\/www.facebook.com\/teamglennracing\" target=\"_blank\"> kl.1B &#8211; Honda Civic<br \/>\n<\/a><a title=\"Need more Speed\" href=\"http:\/\/www.flatoutracing.nu\" target=\"_blank\">#35 Need Moore Speed kl.1B &#8211; Porsche 944<\/a><a title=\"Glenn Racing\" href=\"https:\/\/www.facebook.com\/teamglennracing\" target=\"_blank\"><br \/>\n<\/a>#36 Butterfly Racing Kl.1B &#8211; Opel Ascona B<a title=\"Glenn Racing\" href=\"https:\/\/www.facebook.com\/teamglennracing\" target=\"_blank\"><br \/>\n<\/a><a title=\"Speeked\" href=\"http:\/\/www.facebook.com\/spekkedracing\" target=\"_blank\">#41SpekkEd Racing kl.1B &#8211; BMW 325i Coupe<\/a><a title=\"Glenn Racing\" href=\"https:\/\/www.facebook.com\/teamglennracing\" target=\"_blank\"><br \/>\n<\/a><a title=\"Team CK\" href=\"https:\/\/www.facebook.com\/pages\/Team-CK\/415651785256321?\" target=\"_blank\">#52 Team CK kl.1B &#8211; Ginetta G20<\/a><a title=\"Raketservice\" href=\"https:\/\/www.facebook.com\/kebabracing\" target=\"_blank\"><br \/>\n#55 Lestrup Racing Kl.2A &#8211; Mini<\/a><a title=\"Raketservice\" href=\"https:\/\/www.facebook.com\/kebabracing\" target=\"_blank\"><br \/>\n#69 Raketservice kl.2A \u2013 Opel Speedster<br \/>\n<\/a>#76 Jonsson Bil Kl.1A &#8211; Peugeot 106<br \/>\n#85 Flatout Racing kl.1A &#8211; Peugeot 205<br \/>\n<\/span><span class=\"userContent\" data-ft=\"{&quot;tn&quot;:&quot;K&quot;}\"> #88 St\u00f6td\u00e4mparexperten Racing kl.2B \u2013 VW Golf RWD turbo<\/span><\/p>\n<p><strong><span class=\"userContent\" data-ft=\"{&quot;tn&quot;:&quot;K&quot;}\">\u00d6vriga anm\u00e4lda<\/span><\/strong><\/p>\n<p><span class=\"userContent\" data-ft=\"{&quot;tn&quot;:&quot;K&quot;}\">#4 Team Power k<\/span><span class=\"userContent\" data-ft=\"{&quot;tn&quot;:&quot;K&quot;}\">l.? &#8211; BMW E36 Alpina<\/span><strong><span class=\"userContent\" data-ft=\"{&quot;tn&quot;:&quot;K&quot;}\"> &#8211; SLC<br \/>\n<\/span><\/strong><span class=\"userContent\" data-ft=\"{&quot;tn&quot;:&quot;K&quot;}\">#8 Team Vannar\u00f6ds Pl\u00e5tslageri AB &#8211; kl<\/span><span class=\"userContent\" data-ft=\"{&quot;tn&quot;:&quot;K&quot;}\">? BMW 328<\/span><strong><span class=\"userContent\" data-ft=\"{&quot;tn&quot;:&quot;K&quot;}\"> &#8211; SM3h<br \/>\n<\/span><\/strong><span class=\"userContent\" data-ft=\"{&quot;tn&quot;:&quot;K&quot;}\">#24 TKS Racing &#8211; Kl.? &#8211; Cor<\/span><span class=\"userContent\" data-ft=\"{&quot;tn&quot;:&quot;K&quot;}\">vette <\/span><span class=\"userContent\" data-ft=\"{&quot;tn&quot;:&quot;K&quot;}\">C6 2.3T<\/span><strong><span class=\"userContent\" data-ft=\"{&quot;tn&quot;:&quot;K&quot;}\"> &#8211; SM3h<br \/>\n<\/span><\/strong><span class=\"userContent\" data-ft=\"{&quot;tn&quot;:&quot;K&quot;}\">#27 <\/span><span class=\"userContent\" data-ft=\"{&quot;tn&quot;:&quot;K&quot;}\">G3 Racing &#8211; BMW 320<\/span><strong><span class=\"userContent\" data-ft=\"{&quot;tn&quot;:&quot;K&quot;}\"> &#8211; SM3h<br \/>\n<\/span><\/strong><span class=\"userContent\" data-ft=\"{&quot;tn&quot;:&quot;K&quot;}\">#28 Celerior Racing Team &#8211; kl.MLSL &#8211; BMW 130D<\/span><strong><span class=\"userContent\" data-ft=\"{&quot;tn&quot;:&quot;K&quot;}\"> &#8211; SLC<br \/>\n<\/span><\/strong><span class=\"userContent\" data-ft=\"{&quot;tn&quot;:&quot;K&quot;}\">#42 Bimmers Endurance Society &#8211; kl.NSHC &#8211; BMW 330 &#8211; 3<\/span><span class=\"userContent\" data-ft=\"{&quot;tn&quot;:&quot;K&quot;}\">+3<\/span><strong><span class=\"userContent\" data-ft=\"{&quot;tn&quot;:&quot;K&quot;}\"><br \/>\n<\/span><\/strong><span class=\"userContent\" data-ft=\"{&quot;tn&quot;:&quot;K&quot;}\">#49 EDE Racing &#8211; kl.2<\/span><span class=\"userContent\" data-ft=\"{&quot;tn&quot;:&quot;K&quot;}\">B &#8211; BMW Z4 &#8211;<\/span><strong><span class=\"userContent\" data-ft=\"{&quot;tn&quot;:&quot;K&quot;}\"> SM3h<br \/>\n<\/span><\/strong><span class=\"userContent\" data-ft=\"{&quot;tn&quot;:&quot;K&quot;}\">#50<\/span> <span class=\"userContent\" data-ft=\"{&quot;tn&quot;:&quot;K&quot;}\">Team 50+ Kl.1A &#8211; Rover<\/span><strong><span class=\"userContent\" data-ft=\"{&quot;tn&quot;:&quot;K&quot;}\"> &#8211; SLC<br \/>\n<\/span><\/strong><span class=\"userContent\" data-ft=\"{&quot;tn&quot;:&quot;K&quot;}\">#59 MiniMax Racing &#8211; Austin Cooper R<\/span><span class=\"userContent\" data-ft=\"{&quot;tn&quot;:&quot;K&quot;}\"><span class=\"userContent\" data-ft=\"{&quot;tn&quot;:&quot;K&quot;}\">S<\/span><\/span><span class=\"userContent\" data-ft=\"{&quot;tn&quot;:&quot;K&quot;}\"><span class=\"userContent\" data-ft=\"{&quot;tn&quot;:&quot;K&quot;}\"> &#8211; SM3h<\/span><\/span><strong><span class=\"userContent\" data-ft=\"{&quot;tn&quot;:&quot;K&quot;}\"><strong><span class=\"userContent\" data-ft=\"{&quot;tn&quot;:&quot;K&quot;}\"> (NSHCkl.5)<\/span><\/strong><br \/>\n<\/span><\/strong><span class=\"userContent\" data-ft=\"{&quot;tn&quot;:&quot;K&quot;}\"><span class=\"_5yl5\" data-reactid=\".4mr.1:$mid=11444855457067=29317de32eda6469555.2:0.0.0.0.0\"><span data-reactid=\".4mr.1:$mid=11444855457067=29317de32eda6469555.2:0.0.0.0.0.0\">#66 Bald Eagle Racing &#8211; BMW M3 E92 GT4<\/span><\/span><\/span><span class=\"userContent\" data-ft=\"{&quot;tn&quot;:&quot;K&quot;}\">\u00a0 &#8211;<\/span><strong><span class=\"userContent\" data-ft=\"{&quot;tn&quot;:&quot;K&quot;}\"> SM3h<br \/>\n<\/span><\/strong><span class=\"userContent\" data-ft=\"{&quot;tn&quot;:&quot;K&quot;}\">#71 Nero Racing &#8211; BMW M3 &#8211;<\/span><strong><span class=\"userContent\" data-ft=\"{&quot;tn&quot;:&quot;K&quot;}\"> SM3h<br \/>\n<\/span><\/strong><span class=\"userContent\" data-ft=\"{&quot;tn&quot;:&quot;K&quot;}\">#73 MTG Racing<\/span><span class=\"userContent\" data-ft=\"{&quot;tn&quot;:&quot;K&quot;}\"><span class=\"userContent\" data-ft=\"{&quot;tn&quot;:&quot;K&quot;}\"> Kl.2A &#8211; Volvo C30<\/span><\/span><strong><span class=\"userContent\" data-ft=\"{&quot;tn&quot;:&quot;K&quot;}\"><strong><span class=\"userContent\" data-ft=\"{&quot;tn&quot;:&quot;K&quot;}\"> &#8211; SLC<\/span><\/strong><\/span><\/strong><strong><span class=\"userContent\" data-ft=\"{&quot;tn&quot;:&quot;K&quot;}\"><br \/>\n<\/span><\/strong><span class=\"userContent\" data-ft=\"{&quot;tn&quot;:&quot;K&quot;}\">#850 Team 850 Kl.1<\/span><span class=\"userContent\" data-ft=\"{&quot;tn&quot;:&quot;K&quot;}\">B &#8211; Volvo 850<\/span><strong><span class=\"userContent\" data-ft=\"{&quot;tn&quot;:&quot;K&quot;}\"> &#8211; SLC<br \/>\n<\/span><\/strong><\/p>\n<p><strong>ER-Cup<\/strong><\/p>\n<p>#106 No Limit Racing\u00a0 &#8211; Volvo S40<br \/>\n#107 Bj\u00f6rnligan &#8211; Porsche 944D<br \/>\n#108 Citiusmotorsport &#8211; Toyota Mr2<br \/>\n#111 CM Carparts Racing &#8211; Civic Type-R EVO<br \/>\n<span data-reactid=\".kb.1:5.1:$comment1036068489759083_1036225846410014\/=10.0.$right.0.$left.0.0.1\"><span data-ft=\"{&quot;tn&quot;:&quot;K&quot;}\" data-reactid=\".kb.1:5.1:$comment1036068489759083_1036225846410014\/=10.0.$right.0.$left.0.0.1.$comment-body\"><span class=\"UFICommentBody\" data-reactid=\".kb.1:5.1:$comment1036068489759083_1036225846410014\/=10.0.$right.0.$left.0.0.1.$comment-body.0\"><span data-reactid=\".kb.1:5.1:$comment1036068489759083_1036225846410014\/=10.0.$right.0.$left.0.0.1.$comment-body.0.$end\/=1$text0\/=010\">#113 Sm\u00e4llarens Racingteam &#8211; VW Golf II<\/span><\/span><\/span><\/span><br \/>\n#114 ALT Racing &#8211; Opel Corsa<br \/>\n#118 K\u00e4rkk\u00e4inen Rally &amp; Racing &#8211; Toyota Corolla<br \/>\n#138\u00a0 Nickel Racing &#8211; BMW E30<br \/>\n<span data-reactid=\".kb.1:5.1:$comment1036068489759083_1036225846410014\/=10.0.$right.0.$left.0.0.1\"><span data-ft=\"{&quot;tn&quot;:&quot;K&quot;}\" data-reactid=\".kb.1:5.1:$comment1036068489759083_1036225846410014\/=10.0.$right.0.$left.0.0.1.$comment-body\"><span class=\"UFICommentBody\" data-reactid=\".kb.1:5.1:$comment1036068489759083_1036225846410014\/=10.0.$right.0.$left.0.0.1.$comment-body.0\"><span data-reactid=\".kb.1:5.1:$comment1036068489759083_1036225846410014\/=10.0.$right.0.$left.0.0.1.$comment-body.0.$end\/=1$text0\/=010\">#142 2fast4u &#8211; Opel Ascona<\/span><\/span><\/span><\/span><br \/>\n#143 Team Fyra3racing &#8211; BMW M3<br \/>\n#147 OFAB Motorsport &#8211; Peugeot 205<br \/>\n#163 DOD Racing &#8211; Volvo 240<br \/>\n#168 Allt i D\u00e4ck Motorsport &#8211; BMW 320<br \/>\n#169 Skararp Motorsport &#8211; BMW 320<br \/>\n#171 Flying Fellows &#8211; Volvo 240<br \/>\n#172 Redback Racing Team &#8211; Opel Kadett<br \/>\n#180 Citiusmotorsport &#8211; BMW 320<br \/>\n#188 Bohica Racing &#8211; BMW M3<\/p>\n<h3><\/h3>\n<h3>&#8212;&#8212;&#8212;&#8212;&#8212;&#8212;&#8212;&#8212;&#8212;&#8212;&#8212;&#8212;&#8212;&#8212;&#8212;&#8212;&#8212;&#8212;&#8212;&#8212;&#8212;&#8212;&#8212;&#8212;&#8212;&#8212;&#8212;&#8212;&#8212;&#8212;&#8212;&#8212;&#8212;&#8212;&#8212;&#8212;<\/h3>\n<p>&nbsp;<\/p>\n<p>&nbsp;<\/p>\n<h3><strong>Hel\u00e5rsanm\u00e4lda<\/strong><\/h3>\n<p>#1 Canard Racing, Kl.1B &#8211; Ginetta G20<br \/>\n#2\u00a0 Canard Racing, Kl.1B &#8211; Ginetta G20<br \/>\n#7 Kressner Motorsport kl.2B &#8211; BMW GTR<a title=\"K\u00f6nig Facebook\" href=\"https:\/\/www.facebook.com\/KoenigMotorsport9\" target=\"_blank\"><br \/>\n#9 K\u00f6nig Motorsport kl.1B &#8211; Honda Civic Type R<\/a><br \/>\n<a title=\"Team Gasoline\" href=\"http:\/\/www.gasolinemagazine.se\" target=\"_blank\">#10 Team:Gasoline kl.2A &#8211; Chevrolet Camaro Z28<\/a><br \/>\n<a title=\"Team A Sweden\" href=\"https:\/\/www.facebook.com\/pages\/TeamA-Sweden-Racing\/1607054562859700?\" target=\"_blank\">#11 Team A Sweden kl.2A &#8211; Golf MK5<\/a><a title=\"RDS BIlverkstad\" href=\"http:\/\/www.rdsracing.se\" target=\"_blank\"><br \/>\n#18 RDS Bilverkstad kl.1B &#8211; Honda CRX<\/a> &#8211; <a title=\"RDS Facebook\" href=\"https:\/\/www.facebook.com\/groups\/151452128383711\/\" target=\"_blank\">Facebook<\/a><a title=\"Glenn Racing\" href=\"https:\/\/www.facebook.com\/teamglennracing\" target=\"_blank\"><br \/>\n#21 Glenn Racing kl.1B \u2013 Opel Calibra<br \/>\n<\/a><span class=\"userContent\">#34 4Tech &amp; Ramcon Racing<\/span><a title=\"Glenn Racing\" href=\"https:\/\/www.facebook.com\/teamglennracing\" target=\"_blank\"> kl.1B &#8211; Honda Civic<br \/>\n<\/a><a title=\"Need more Speed\" href=\"http:\/\/www.flatoutracing.nu\" target=\"_blank\">#35 Need Moore Speed kl.1B &#8211; Porsche 944<\/a><a title=\"Glenn Racing\" href=\"https:\/\/www.facebook.com\/teamglennracing\" target=\"_blank\"><br \/>\n<\/a>#36 Butterfly Racing Kl.1B &#8211; Opel Ascona B<a title=\"Glenn Racing\" href=\"https:\/\/www.facebook.com\/teamglennracing\" target=\"_blank\"><br \/>\n<\/a><a title=\"Speeked\" href=\"http:\/\/www.facebook.com\/spekkedracing\" target=\"_blank\">#41SpekkEd Racing kl.1B &#8211; BMW 325i Coupe<\/a><a title=\"Glenn Racing\" href=\"https:\/\/www.facebook.com\/teamglennracing\" target=\"_blank\"><br \/>\n<\/a><a title=\"Team CK\" href=\"https:\/\/www.facebook.com\/pages\/Team-CK\/415651785256321?\" target=\"_blank\">#52 Team CK kl.1B &#8211; Ginetta G20<\/a><a title=\"Raketservice\" href=\"https:\/\/www.facebook.com\/kebabracing\" target=\"_blank\"><br \/>\n<\/a><a title=\"\u00d6rebro Automobilaff\u00e4r\" href=\"https:\/\/www.facebook.com\/pages\/Team-%C3%96rebro-Automobilaff%C3%A4r\/818898181490603\" target=\"_blank\">#61 Team \u00d6rebro Automobilaff\u00e4r kl.1B &#8211; Citroen ZX<\/a><a title=\"Raketservice\" href=\"https:\/\/www.facebook.com\/kebabracing\" target=\"_blank\"><br \/>\n#69 Raketservice kl.2A \u2013 Opel Speedster<br \/>\n<\/a>#76 Jonsson Bil Kl.1A &#8211; Peugeot 106<br \/>\n#85 Flatout Racing kl.1A &#8211; Peugeot 205<br \/>\n#88 St\u00f6td\u00e4mparexperten Racing kl.2B \u2013 VW Golf RWD turbo<\/p>\n<h3><strong>Anm\u00e4lda, delt\u00e4vling<br \/>\n<\/strong><\/h3>\n<p><strong>Delt\u00e4vling 1 <span class=\"userContent\" data-ft=\"{&quot;tn&quot;:&quot;K&quot;}\">19 April Ring Knutstorp<br \/>\n<\/span><\/strong><span class=\"userContent\" data-ft=\"{&quot;tn&quot;:&quot;K&quot;}\">#50<\/span> <span class=\"userContent\" data-ft=\"{&quot;tn&quot;:&quot;K&quot;}\">Team 50+ Kl.1A &#8211; Rover<br \/>\n#54 Toyota Rocket Team Kl.1B &#8211; Toyota Corolla<br \/>\n#73 MTG Racing Kl.2B &#8211; Volvo C30 Turbo<br \/>\n#80 Morin Racing Kl.2A &#8211; Fiat Abart<br \/>\n#55 Lestrup Racing Kl.2A &#8211; Mini Cooper<br \/>\n<\/span><\/p>\n<p><span class=\"userContent\" data-ft=\"{&quot;tn&quot;:&quot;K&quot;}\"><strong>Delt\u00e4vling 2\u00a0 1-3 Maj Gotland Ring<\/strong><br \/>\n#80 Morin Racing Kl.2A &#8211; Fiat Abarth<br \/>\n#55 Lestrup Racing Kl.2A &#8211; Mini Cooper<br \/>\n#76 Bad Boy Racing , Audi S2 &#8230;. Fredagstr\u00e4ning enbart \u00e4n.<br \/>\n<\/span><\/p>\n<p>Garagehyra 3000:-<br \/>\n1. Team A Sweden<br \/>\n2. Canard Racing<br \/>\n3. St\u00f6td\u00e4mparexperten<br \/>\n4. Lestrup Racing<br \/>\n5. Kressner Motorsport<\/p>\n<p><em><strong>ER-CUP<\/strong><\/em> Gotland Ring 1-3 Maj<br \/>\n<em>102 Team Power BMW E36, Fredagstr\u00e4ning<\/em><br \/>\n<em> 106 No Limit Racing Volvo S40<\/em><br \/>\n<em> 107 Team Bj\u00f6rnligan Porsche 944 D<\/em><br \/>\n<em> 108 Citius Motorsport Toyota MR2, Fredagstr\u00e4ning<\/em><br \/>\n<em>114 ALT Racing Opel Corsa, Fredagstr\u00e4ning<\/em><br \/>\n<em> 118 K\u00e4rkk\u00e4inen Rally &amp; Racing Toyota Corolla GTi, Fredagstr\u00e4ning<\/em><br \/>\n<em> 121 Back on Track Ford Escort, Fredagstr\u00e4ning<\/em><br \/>\n<em> 123 Team Gapet Honda Civic<\/em><br \/>\n<em>132 Hegnet Motorsport BMW Compact<\/em><br \/>\n<em> 142 2 Fast 4 You Opel Ascona 400, Fredagstr\u00e4ning<\/em><br \/>\n<em> 143 Fyra3Racing BMW M3, Fredagstr\u00e4ning<\/em><br \/>\n<em> 163 DOD Racing Volvo 240, Fredagstr\u00e4ning<\/em><br \/>\n<em> 168 Allt i D\u00e4ck Motorsport BMW 320, Fredagstr\u00e4ning<\/em><br \/>\n<em> 169 SkararpMotorsport BMW 320i, Fredagstr\u00e4ning<br \/>\n188 BOHICA RACING BMW E36 Coup\u00e9, Fredagstr\u00e4ning\u00a0<\/em><\/p>\n<p><strong>Delt\u00e4vling 3 13-14 Juni Sviestad<\/strong><\/p>\n<p><strong><span class=\"userContent\" data-ft=\"{&quot;tn&quot;:&quot;K&quot;}\"><br \/>\nDelt\u00e4vling 4 22 Augusti Karlskoga Motorstadion<\/span><\/strong><\/p>\n<p><strong><span class=\"userContent\" data-ft=\"{&quot;tn&quot;:&quot;K&quot;}\"><br \/>\nDelt\u00e4vling 5 4 Oktober Kinnekulle Ring<\/span><\/strong><\/p>\n<p><strong><span class=\"userContent\" data-ft=\"{&quot;tn&quot;:&quot;K&quot;}\">\u00a0<\/span><\/strong><\/p>\n","protected":false},"excerpt":{"rendered":"<p>Delt\u00e4vling 6 17 Oktober Mantorp Park (uppdaterat 16\/10) Hel\u00e5rsanm\u00e4lda #1 Canard Racing, Kl.1B &#8211; Ginetta G20 #2\u00a0 Canard Racing, Kl.1B &#8211; Ginetta G20 #7 Kressner Motorsport kl.2B &#8211; BMW GTR #9 K\u00f6nig Motorsport kl.1B &#8211; Honda Civic Type R #11 Team A Sweden kl.2A &#8211; Golf MK5 #18 RDS Bilverkstad kl.1B &#8211; Honda CRX &#8211;<\/p>\n<p><a href=\"https:\/\/slc.se\/?page_id=18\" class=\"more-link themebutton\">Read More<\/a><\/p>\n","protected":false},"author":1,"featured_media":0,"parent":14,"menu_order":0,"comment_status":"closed","ping_status":"closed","template":"","meta":{"footnotes":""},"_links":{"self":[{"href":"https:\/\/slc.se\/index.php?rest_route=\/wp\/v2\/pages\/18"}],"collection":[{"href":"https:\/\/slc.se\/index.php?rest_route=\/wp\/v2\/pages"}],"about":[{"href":"https:\/\/slc.se\/index.php?rest_route=\/wp\/v2\/types\/page"}],"author":[{"embeddable":true,"href":"https:\/\/slc.se\/index.php?rest_route=\/wp\/v2\/users\/1"}],"replies":[{"embeddable":true,"href":"https:\/\/slc.se\/index.php?rest_route=%2Fwp%2Fv2%2Fcomments&post=18"}],"version-history":[{"count":90,"href":"https:\/\/slc.se\/index.php?rest_route=\/wp\/v2\/pages\/18\/revisions"}],"predecessor-version":[{"id":970,"href":"https:\/\/slc.se\/index.php?rest_route=\/wp\/v2\/pages\/18\/revisions\/970"}],"up":[{"embeddable":true,"href":"https:\/\/slc.se\/index.php?rest_route=\/wp\/v2\/pages\/14"}],"wp:attachment":[{"href":"https:\/\/slc.se\/index.php?rest_route=%2Fwp%2Fv2%2Fmedia&parent=18"}],"curies":[{"name":"wp","href":"https:\/\/api.w.org\/{rel}","templated":true}]}}