{"id":13805,"date":"2020-09-09T08:52:34","date_gmt":"2020-09-09T08:52:34","guid":{"rendered":"http:\/\/slc.se\/?page_id=13805"},"modified":"2020-11-05T21:37:49","modified_gmt":"2020-11-05T21:37:49","slug":"landskampen-endurance-6h-lordagen-7-nov-mantorp-park","status":"publish","type":"page","link":"https:\/\/slc.se\/?page_id=13805","title":{"rendered":"Landskampen Endurance 6h , L\u00f6rdagen 7 nov Mantorp Park"},"content":{"rendered":"<h3>V\u00e4lkommna till ett arrangemang av SLC Racing<\/h3>\n<p>Vi bjuder in till en Landskamp mellan svenska och norska team i ett 6timmars &#8221;skrotbilsrejs&#8221; &#8230;. d\u00e4r vi g\u00f6r om vem som \u00e4r b\u00e4st p\u00e5 banan mellan norrm\u00e4n och svenskar och forts\u00e4tter med dom tv\u00e5 \u00e5ren senaste succ\u00e9 &#8230; som ni kan se h\u00e4r &#8230; <a href=\"https:\/\/www.youtube.com\/watch?v=IV6FDai6FIs&amp;t=0s\"><strong>Youtube l\u00e4nk 2018 <\/strong><\/a><strong>och h\u00e4r <a href=\"https:\/\/www.youtube.com\/watch?v=8KEJ-8-QGVg&amp;t=8045s\">Youtube l\u00e4nk 2019<\/a><\/strong><\/p>\n<p>T\u00e4vlingen kommer g\u00e5 med full s\u00e4kerhet p\u00e5 banmanskap och med full service som Livetidtagning med sektortidtagning, LIVE-tv, speaker och massa annat kul<\/p>\n<h3><a href=\"http:\/\/slc.se\/wp-content\/uploads\/2019\/09\/regler-2019-1.pdf\"><strong>L\u00e4nk till regler<\/strong><\/a><\/h3>\n<h3>Avgifter<\/h3>\n<p>Startavgift 6500<br \/>\nElplats i dep\u00e5n 300<br \/>\nSMA eng\u00e5ngslicens 200, om man inte har \u00e5rslicens i SMA redan.<\/p>\n<p><strong>Prispengar och pokaler<\/strong><\/p>\n<p>F\u00f6rsta pris individuellt&#8230; 5.000 Kronor<\/p>\n<p>Pokaler till topp3 individuellt<br \/>\nPris till samtliga fr\u00e5n vinnande nation, d\u00e4r antal varv r\u00e4knas p\u00e5 alla.<\/p>\n<p><a href=\"https:\/\/www.facebook.com\/events\/337443167379688\" target=\"_blank\" rel=\"noopener\">Facebook inbjudan, d\u00e4r det g\u00e5r l\u00e4mna kommentarer<\/a><\/p>\n<h2><strong><a href=\"http:\/\/www.svenskamotorsportalliansen.se\/registrations\/add\/28\" target=\"_blank\" rel=\"noopener\">ANM\u00c4LNINGSL\u00c4NK <\/a><\/strong><\/h2>\n<h3>STARTLISTA:<\/h3>\n<p>1. Richnaes motorsport \u2013 Peugeot 206 Gti \u2013 Sverige<br \/>\n2. FullFocus &#8211; Ford Focus &#8211; Norge<br \/>\n3. Buldre Racing Team &#8211; BMW 328 &#8211; Norge<br \/>\n4. BadBull &#8211; Peugeot 205 Gti &#8211; Norge<br \/>\n5. Team boligmakeriet &#8211; Toyota Yaris Sport &#8211; Norge<br \/>\n6. Alfab Racing #1 &#8211; Toyota Corolla &#8211; Sverige<br \/>\n7. L\u00e5ngburk Motorsport &#8211; Ford Fiesta &#8211; Sverige<br \/>\n8. Black Flag Boys &#8211; Peugeot 206 &#8211; Sverige<br \/>\n9. Ebba Gr\u00f6n &#8211; BMW 520 Touring &#8211; Sverige<br \/>\n10. NordicTuning Motorsport &#8211; Saab 9-3 &#8211; Sverige<br \/>\n11. Torsk P\u00e5 Mantorp &#8211; Toyota Corolla &#8211; Sverige<br \/>\n12. maeT gnicaR RWP &#8211; TBA &#8211; Sverige<br \/>\n13. SO Racing P\u00e5byggspesialisten\u00a0 &#8211; TBA &#8211; Norge<br \/>\n14. Nicht AMG &#8211; Mercedes 190 &#8211; Sverige<br \/>\n15. G3Racing &#8211; BMW 325 &#8211; Sverige<br \/>\n16. S-Sentrum Juniorteam &#8211; Audi A3 &#8211; Norge<br \/>\n17. EMBA &#8211; Ettermiddagsbanden &#8211; Opel Astra Bertone &#8211; Norge<br \/>\n18. MPU Racing &#8211; Ford Mondeo &#8211; Sverige<br \/>\n19. Smedby Street Hooligans &#8211; 325i BTCC edition &#8211; Sverige<br \/>\n20. Spanska Sjukan &#8211; Seat Ibiza &#8211; Svensk<br \/>\n21. BMW Motorsport GMBH &#8211; BMW 328 &#8211; Svensk<br \/>\n22. Team Italy &#8211; Alfa Romeo 156 &#8211; Svensk<br \/>\n23. Pegasus Racing P3 &#8211; BMW E36 Touring &#8211; Svensk<br \/>\n24. Team Ot\u00e4ck &#8211; BMW 320 &#8211; Svensk<br \/>\n25. Ziken &amp; the predators &#8211; VW Golf Vr6 &#8211; Svensk<br \/>\n26. KonsuMera Racing team &#8211; BMW 328 &#8211; Svensk<br \/>\n27. Johnny Byggare &#8211; BMW 530 &#8211; Svensk<br \/>\n28. Team gokarting.nu &#8211; Mazda 323 &#8211; Svensk<br \/>\n29. Ortens favoriter &#8211; Peugeot 206 Gti &#8211; Svensk<br \/>\n30. GR8 Racing &#8211; Ford Mondeo &#8211; Svensk<br \/>\n31. S-Sentrum Customer Team &#8211; Audi A3 &#8211; Norge<br \/>\n32. Racing Club &#8211; Seat cupra &#8211; Sverige<br \/>\n33. Johans Hj\u00e4ltar &#8211; BMW 320 &#8211; Sverige<br \/>\n34.<br \/>\n35.<\/p>\n","protected":false},"excerpt":{"rendered":"<p>V\u00e4lkommna till ett arrangemang av SLC Racing Vi bjuder in till en Landskamp mellan svenska och norska team i ett 6timmars &#8221;skrotbilsrejs&#8221; &#8230;. d\u00e4r vi g\u00f6r om vem som \u00e4r b\u00e4st p\u00e5 banan mellan norrm\u00e4n och svenskar och forts\u00e4tter med dom tv\u00e5 \u00e5ren senaste succ\u00e9 &#8230; som ni kan se h\u00e4r &#8230; Youtube l\u00e4nk 2018<\/p>\n<p><a href=\"https:\/\/slc.se\/?page_id=13805\" class=\"more-link themebutton\">Read More<\/a><\/p>\n","protected":false},"author":1,"featured_media":0,"parent":0,"menu_order":0,"comment_status":"closed","ping_status":"closed","template":"","meta":{"footnotes":""},"_links":{"self":[{"href":"https:\/\/slc.se\/index.php?rest_route=\/wp\/v2\/pages\/13805"}],"collection":[{"href":"https:\/\/slc.se\/index.php?rest_route=\/wp\/v2\/pages"}],"about":[{"href":"https:\/\/slc.se\/index.php?rest_route=\/wp\/v2\/types\/page"}],"author":[{"embeddable":true,"href":"https:\/\/slc.se\/index.php?rest_route=\/wp\/v2\/users\/1"}],"replies":[{"embeddable":true,"href":"https:\/\/slc.se\/index.php?rest_route=%2Fwp%2Fv2%2Fcomments&post=13805"}],"version-history":[{"count":36,"href":"https:\/\/slc.se\/index.php?rest_route=\/wp\/v2\/pages\/13805\/revisions"}],"predecessor-version":[{"id":13902,"href":"https:\/\/slc.se\/index.php?rest_route=\/wp\/v2\/pages\/13805\/revisions\/13902"}],"wp:attachment":[{"href":"https:\/\/slc.se\/index.php?rest_route=%2Fwp%2Fv2%2Fmedia&parent=13805"}],"curies":[{"name":"wp","href":"https:\/\/api.w.org\/{rel}","templated":true}]}}