{"id":13670,"date":"2020-08-15T15:15:20","date_gmt":"2020-08-15T15:15:20","guid":{"rendered":"http:\/\/slc.se\/?page_id=13670"},"modified":"2020-08-16T15:11:18","modified_gmt":"2020-08-16T15:11:18","slug":"actionpics-rond-6-anderstorp-15-16-aug","status":"publish","type":"page","link":"https:\/\/slc.se\/?page_id=13670","title":{"rendered":"Actionpics Rond 6 Anderstorp 15-16 Aug"},"content":{"rendered":"<h3>Resultat<\/h3>\n<p><a href=\"http:\/\/slc.se\/wp-content\/uploads\/2020\/08\/actionpics-S\u00f6ndag-Results.html\">actionpics &#8211; S\u00f6ndag &#8211; Results<\/a><br \/>\n<a href=\"http:\/\/slc.se\/wp-content\/uploads\/2020\/08\/actionpics-S\u00f6ndag-laptimes.html\">actionpics &#8211; S\u00f6ndag &#8211; laptimes<\/a><\/p>\n<p><a href=\"http:\/\/slc.se\/wp-content\/uploads\/2020\/08\/actionpics-L\u00f6rdag-Results.html\">actionpics &#8211; L\u00f6rdag &#8211; Results<\/a><br \/>\n<a href=\"http:\/\/slc.se\/wp-content\/uploads\/2020\/08\/actionpics-L\u00f6rdag-laptimes.html\">actionpics &#8211; L\u00f6rdag &#8211; laptimes<\/a><\/p>\n","protected":false},"excerpt":{"rendered":"<p>Resultat actionpics &#8211; S\u00f6ndag &#8211; Results actionpics &#8211; S\u00f6ndag &#8211; laptimes actionpics &#8211; L\u00f6rdag &#8211; Results actionpics &#8211; L\u00f6rdag &#8211; laptimes<\/p>\n","protected":false},"author":1,"featured_media":0,"parent":264,"menu_order":0,"comment_status":"closed","ping_status":"closed","template":"","meta":{"footnotes":""},"_links":{"self":[{"href":"https:\/\/slc.se\/index.php?rest_route=\/wp\/v2\/pages\/13670"}],"collection":[{"href":"https:\/\/slc.se\/index.php?rest_route=\/wp\/v2\/pages"}],"about":[{"href":"https:\/\/slc.se\/index.php?rest_route=\/wp\/v2\/types\/page"}],"author":[{"embeddable":true,"href":"https:\/\/slc.se\/index.php?rest_route=\/wp\/v2\/users\/1"}],"replies":[{"embeddable":true,"href":"https:\/\/slc.se\/index.php?rest_route=%2Fwp%2Fv2%2Fcomments&post=13670"}],"version-history":[{"count":2,"href":"https:\/\/slc.se\/index.php?rest_route=\/wp\/v2\/pages\/13670\/revisions"}],"predecessor-version":[{"id":13677,"href":"https:\/\/slc.se\/index.php?rest_route=\/wp\/v2\/pages\/13670\/revisions\/13677"}],"up":[{"embeddable":true,"href":"https:\/\/slc.se\/index.php?rest_route=\/wp\/v2\/pages\/264"}],"wp:attachment":[{"href":"https:\/\/slc.se\/index.php?rest_route=%2Fwp%2Fv2%2Fmedia&parent=13670"}],"curies":[{"name":"wp","href":"https:\/\/api.w.org\/{rel}","templated":true}]}}