{"id":13499,"date":"2020-06-16T18:07:19","date_gmt":"2020-06-16T18:07:19","guid":{"rendered":"http:\/\/slc.se\/?page_id=13499"},"modified":"2020-06-18T12:05:40","modified_gmt":"2020-06-18T12:05:40","slug":"actionpics-rond3-16-18-juni-mantorp-park","status":"publish","type":"page","link":"https:\/\/slc.se\/?page_id=13499","title":{"rendered":"Actionpics Rond3 16-18 Juni Mantorp Park"},"content":{"rendered":"<h3>Resultat<\/h3>\n<p><a href=\"http:\/\/slc.se\/wp-content\/uploads\/2020\/06\/Actionpics-torsdag-Tr\u00e4ning-Torsdag-laptimes.html\">Actionpics torsdag &#8211; Tr\u00e4ning Torsdag &#8211; laptimes<\/a><br \/>\n<a href=\"http:\/\/slc.se\/wp-content\/uploads\/2020\/06\/Actionpics-torsdag-Tr\u00e4ning-Torsdag-Results.html\">Actionpics torsdag &#8211; Tr\u00e4ning Torsdag &#8211; Results<\/a><\/p>\n<p><a href=\"http:\/\/slc.se\/wp-content\/uploads\/2020\/06\/actionpics-tr\u00e4ning-onsdag-results.html\">actionpics &#8211; tr\u00e4ning onsdag &#8211; results<\/a><br \/>\n<a href=\"http:\/\/slc.se\/wp-content\/uploads\/2020\/06\/Actionpics-Tr\u00e4ning-onsdag-laptimes.html\">Actionpics &#8211; Tr\u00e4ning onsdag &#8211; laptimes<\/a><\/p>\n<p><a href=\"http:\/\/slc.se\/wp-content\/uploads\/2020\/06\/Actionpics-Tr\u00e4ning-Tisdag-Results.html\">Actionpics &#8211; Tr\u00e4ning Tisdag &#8211; Results<\/a><br \/>\n<a href=\"http:\/\/slc.se\/wp-content\/uploads\/2020\/06\/Actionpics-Tr\u00e4ning-Tisdag-laptimes.html\">Actionpics &#8211; Tr\u00e4ning Tisdag &#8211; laptimes<\/a><\/p>\n","protected":false},"excerpt":{"rendered":"<p>Resultat Actionpics torsdag &#8211; Tr\u00e4ning Torsdag &#8211; laptimes Actionpics torsdag &#8211; Tr\u00e4ning Torsdag &#8211; Results actionpics &#8211; tr\u00e4ning onsdag &#8211; results Actionpics &#8211; Tr\u00e4ning onsdag &#8211; laptimes Actionpics &#8211; Tr\u00e4ning Tisdag &#8211; Results Actionpics &#8211; Tr\u00e4ning Tisdag &#8211; laptimes<\/p>\n","protected":false},"author":1,"featured_media":0,"parent":264,"menu_order":0,"comment_status":"closed","ping_status":"closed","template":"","meta":{"footnotes":""},"_links":{"self":[{"href":"https:\/\/slc.se\/index.php?rest_route=\/wp\/v2\/pages\/13499"}],"collection":[{"href":"https:\/\/slc.se\/index.php?rest_route=\/wp\/v2\/pages"}],"about":[{"href":"https:\/\/slc.se\/index.php?rest_route=\/wp\/v2\/types\/page"}],"author":[{"embeddable":true,"href":"https:\/\/slc.se\/index.php?rest_route=\/wp\/v2\/users\/1"}],"replies":[{"embeddable":true,"href":"https:\/\/slc.se\/index.php?rest_route=%2Fwp%2Fv2%2Fcomments&post=13499"}],"version-history":[{"count":3,"href":"https:\/\/slc.se\/index.php?rest_route=\/wp\/v2\/pages\/13499\/revisions"}],"predecessor-version":[{"id":13513,"href":"https:\/\/slc.se\/index.php?rest_route=\/wp\/v2\/pages\/13499\/revisions\/13513"}],"up":[{"embeddable":true,"href":"https:\/\/slc.se\/index.php?rest_route=\/wp\/v2\/pages\/264"}],"wp:attachment":[{"href":"https:\/\/slc.se\/index.php?rest_route=%2Fwp%2Fv2%2Fmedia&parent=13499"}],"curies":[{"name":"wp","href":"https:\/\/api.w.org\/{rel}","templated":true}]}}