{"id":13329,"date":"2020-05-15T19:18:00","date_gmt":"2020-05-15T19:18:00","guid":{"rendered":"http:\/\/slc.se\/?page_id=13329"},"modified":"2021-05-28T13:19:10","modified_gmt":"2021-05-28T13:19:10","slug":"slc-tv","status":"publish","type":"page","link":"https:\/\/slc.se\/?page_id=13329","title":{"rendered":"SLC TV"},"content":{"rendered":"<h3><a href=\"https:\/\/www.youtube.com\/user\/Fredrikslcracing\" target=\"_blank\" rel=\"noopener\"><img decoding=\"async\" loading=\"lazy\" class=\"alignnone size-medium wp-image-13972\" src=\"http:\/\/slc.se\/wp-content\/uploads\/2021\/05\/SLC_TV_Clean-300x78.png\" alt=\"\" width=\"300\" height=\"78\" srcset=\"https:\/\/slc.se\/wp-content\/uploads\/2021\/05\/SLC_TV_Clean-300x78.png 300w, https:\/\/slc.se\/wp-content\/uploads\/2021\/05\/SLC_TV_Clean-768x201.png 768w, https:\/\/slc.se\/wp-content\/uploads\/2021\/05\/SLC_TV_Clean-1024x268.png 1024w, https:\/\/slc.se\/wp-content\/uploads\/2021\/05\/SLC_TV_Clean.png 1656w\" sizes=\"(max-width: 300px) 100vw, 300px\" \/><\/a> &lt;&#8212;&#8212; Direktl\u00e4nk Youtube<\/h3>\n<p>__________________________________________________________<\/p>\n<h2><strong>&#8221;CROWDFUNDING&#8221;<\/strong><\/h2>\n<p><strong>Hj\u00e4lp oss med att finansiera och tillg\u00e4ngligg\u00f6ra svensk motorsport!<\/strong><\/p>\n<p>Hej!<\/p>\n<p>Jag som driver SLC (Fredrik Skoghag) har varit involverad i svensk motorsport sedan m\u00e5nga \u00e5r tillbaka i flera olika roller: f\u00f6rare, arrang\u00f6r, teknisk innovat\u00f6r och mycket mer. Sedan n\u00e5gra \u00e5r tillbaka s\u00e5 har jag ocks\u00e5 b\u00f6rjat bygga upp SLC TV. Det unika med SLC TV \u00e4r mixen av motorsportsexperter och TV-produktionsexperter vilket resulterar i en v\u00e4ldigt h\u00f6g kvalitet p\u00e5 s\u00e4ndningarna.<\/p>\n<p>Eftersom jag brinner f\u00f6r svensk motorsport generellt, och gr\u00e4srotsmotorsport specifikt, skulle jag vilja ge fler mindre arrang\u00f6rer\/grenar m\u00f6jligheten att n\u00e5 ut till en bredare publik vid enstaka tillf\u00e4llen. De har dock idag inte den m\u00f6jligheten ekonomiskt. Jag ber d\u00e4rf\u00f6r om er hj\u00e4lp att l\u00f6sa detta. En s\u00e4ndning med kameror utposterade p\u00e5 banan, dr\u00f6nare, grafik, repriser, tr\u00e5dl\u00f6s reporter och kommentatorer kostar cirka 60 000 kronor. Om ni kan t\u00e4nka er att bidra med finansiering s\u00e5 att vi kan s\u00e4nda exempelvis gokart, folkrace, konbana, racing, traktorpulling, rallycross, crosscart eller vad ni nu \u00f6nskar, s\u00e5 l\u00f6ser vi allt det praktiska kring s\u00e4ndningen. Om vi hj\u00e4lps \u00e5t kan vi ge svensk gr\u00e4srotsmotorsport den uppm\u00e4rksamhet den s\u00e5 v\u00e4l f\u00f6rtj\u00e4nar.<\/p>\n<p>Privatpersoner kan bidra med 500 kronor och f\u00e5r d\u00e5, om s\u00e5 \u00f6nskas, sitt namn med i rullistan \u00f6ver finansi\u00e4rer som rullar d\u00e5 och d\u00e5 under s\u00e4ndningen. Namnet publiceras \u00e4ven p\u00e5 hemsidan (<a href=\"http:\/\/www.slc.se\">www.slc.se<\/a>) i anslutning till det aktuella evenemanget.<\/p>\n<p>F\u00f6retag kan bidra med 5000 kronor plus moms och f\u00e5r d\u00e5 sin logga med under s\u00e4ndningen tillsammans med \u00f6vriga sponsorer. Loggan kommer \u00e4ven att l\u00e4ggas ut p\u00e5 v\u00e5r hemsida (<a href=\"http:\/\/www.slc.se\">www.slc.se<\/a>) i anslutning till det aktuella evenemanget.<\/p>\n<p>Alla bidrag kommer att redovisas och till 100% g\u00e5 till att hj\u00e4lpa de arrang\u00f6rer som annars inte har r\u00e5d att lives\u00e4nda sina evenemang. Evenemangen v\u00e4ljs ut bland de f\u00f6rslag ni har skickat.<\/p>\n<p>Nuvarande sponsorer finns p\u00e5 hemsidan under fliken SLCTV.<\/p>\n<p>Om ni vill bidra hittar ni l\u00e4nken till crowdfundingen h\u00e4r:<\/p>\n<p><a href=\"http:\/\/www.svenskamotorsportalliansen.se\/registrations\/add\/29\"><strong>http:\/\/www.svenskamotorsportalliansen.se\/registrations\/add\/29<\/strong><\/a><br \/>\nprivatperson \u00e4ven swish anv\u00e4nd QR-koden nedan.<\/p>\n<p><a href=\"http:\/\/slc.se\/wp-content\/uploads\/2021\/05\/qrslc.png\"><img decoding=\"async\" loading=\"lazy\" class=\"alignnone wp-image-13993\" src=\"http:\/\/slc.se\/wp-content\/uploads\/2021\/05\/qrslc-265x300.png\" alt=\"\" width=\"138\" height=\"156\" srcset=\"https:\/\/slc.se\/wp-content\/uploads\/2021\/05\/qrslc-265x300.png 265w, https:\/\/slc.se\/wp-content\/uploads\/2021\/05\/qrslc-768x870.png 768w, https:\/\/slc.se\/wp-content\/uploads\/2021\/05\/qrslc-904x1024.png 904w, https:\/\/slc.se\/wp-content\/uploads\/2021\/05\/qrslc.png 1500w\" sizes=\"(max-width: 138px) 100vw, 138px\" \/><\/a><\/p>\n<p>Med v\u00e4nlig h\u00e4lsning<\/p>\n<p><em><strong>Fredrik Skoghag<br \/>\n<\/strong><\/em><\/p>\n<p>&nbsp;<\/p>\n<p>insamlade pengar hittills \ud83d\ude42 &#8230; <span style=\"color: #ff6600;\"><strong>52.000<\/strong><\/span> \/ 60.000 f\u00f6r f\u00f6rsta gratis s\u00e4ndningen av gr\u00e4srotsevenemang<\/p>\n<h3>____________________________________________<\/h3>\n<h3><strong>SLC TV &#8211; V\u00c4NNERNA som st\u00f6ttar svensk motorsport<\/strong><\/h3>\n<p><strong>St\u00f6ttande f\u00f6retag:<\/strong><\/p>\n<p><a href=\"https:\/\/www.sbf.se\/\">SBF.se<\/a><br \/>\n<a href=\"https:\/\/www.banbil.nu\/\">Banbil.nu<\/a><br \/>\n<a href=\"https:\/\/simpson-europe.com\/sv\/\">Simpson<\/a><br \/>\n<a href=\"https:\/\/www.sodakart.se\/\">Soda Kart<\/a><br \/>\n<a href=\"https:\/\/ringknutstorp.com\/\">Ring Knutstorp<\/a><br \/>\n<a href=\"https:\/\/timeattacknu.se\/\">Timeattacknu.se<\/a><br \/>\nBinero<br \/>\nlegends<br \/>\neasy karting<br \/>\nmonster<\/p>\n<p><strong>St\u00f6ttande privatpersoner:<\/strong><\/p>\n<p>Erik Olsson<br \/>\nLars Borgstr\u00f6m<br \/>\nAnders Hansson<br \/>\nMikael A. Jarosinski<\/p>\n<p>&nbsp;<\/p>\n<p><strong>Erbjudanden fr\u00e5n st\u00f6ttande f\u00f6retag:<\/strong><\/p>\n<p><a href=\"https:\/\/www.banbil.nu\/\">Banbil.nu<\/a>, 500kr rabatt vid k\u00f6p av 4st d\u00e4ck<br \/>\n<a href=\"https:\/\/simpson-europe.com\/sv\/\">Simpson<\/a>, 500 kr rabatt vid k\u00f6p av utrustning f\u00f6r 10.000kr<\/p>\n<p>________________________________________________________<\/p>\n<h3><span style=\"color: #ff0000;\">TEKNIK VI S\u00c4LJER:<\/span><\/h3>\n<p><strong>ONBOARD KAMERA<\/strong><\/p>\n<p>V\u00e5r onboardkamera l\u00f6sning som funkar b\u00e5de till kolla i realtid bilen fr\u00e5n dep\u00e5n med extremt l\u00e5g delay 2-3 sek och \u00e4ven skicka ut till youtube eller tv-produktionsbolag f\u00f6r livetv produktion.<br \/>\npris kontakta fredrik@skoghag.com<\/p>\n<p><a href=\"http:\/\/slc.se\/?page_id=13334\">LIVE STREAM PRO<\/a><\/p>\n<p>_________________________________________________________<\/p>\n","protected":false},"excerpt":{"rendered":"<p>&lt;&#8212;&#8212; Direktl\u00e4nk Youtube __________________________________________________________ &#8221;CROWDFUNDING&#8221; Hj\u00e4lp oss med att finansiera och tillg\u00e4ngligg\u00f6ra svensk motorsport! Hej! Jag som driver SLC (Fredrik Skoghag) har varit involverad i svensk motorsport sedan m\u00e5nga \u00e5r tillbaka i flera olika roller: f\u00f6rare, arrang\u00f6r, teknisk innovat\u00f6r och mycket mer. Sedan n\u00e5gra \u00e5r tillbaka s\u00e5 har jag ocks\u00e5 b\u00f6rjat bygga upp SLC TV.<\/p>\n<p><a href=\"https:\/\/slc.se\/?page_id=13329\" class=\"more-link themebutton\">Read More<\/a><\/p>\n","protected":false},"author":1,"featured_media":0,"parent":0,"menu_order":0,"comment_status":"closed","ping_status":"closed","template":"","meta":{"footnotes":""},"_links":{"self":[{"href":"https:\/\/slc.se\/index.php?rest_route=\/wp\/v2\/pages\/13329"}],"collection":[{"href":"https:\/\/slc.se\/index.php?rest_route=\/wp\/v2\/pages"}],"about":[{"href":"https:\/\/slc.se\/index.php?rest_route=\/wp\/v2\/types\/page"}],"author":[{"embeddable":true,"href":"https:\/\/slc.se\/index.php?rest_route=\/wp\/v2\/users\/1"}],"replies":[{"embeddable":true,"href":"https:\/\/slc.se\/index.php?rest_route=%2Fwp%2Fv2%2Fcomments&post=13329"}],"version-history":[{"count":35,"href":"https:\/\/slc.se\/index.php?rest_route=\/wp\/v2\/pages\/13329\/revisions"}],"predecessor-version":[{"id":14005,"href":"https:\/\/slc.se\/index.php?rest_route=\/wp\/v2\/pages\/13329\/revisions\/14005"}],"wp:attachment":[{"href":"https:\/\/slc.se\/index.php?rest_route=%2Fwp%2Fv2%2Fmedia&parent=13329"}],"curies":[{"name":"wp","href":"https:\/\/api.w.org\/{rel}","templated":true}]}}