{"id":13132,"date":"2019-09-09T10:14:02","date_gmt":"2019-09-09T10:14:02","guid":{"rendered":"http:\/\/slc.se\/?page_id=13132"},"modified":"2019-10-30T09:32:00","modified_gmt":"2019-10-30T09:32:00","slug":"landskampen-skrotbilsrejs-6h-9-nov-mantorp-park","status":"publish","type":"page","link":"https:\/\/slc.se\/?page_id=13132","title":{"rendered":"Landskampen skrotbilsrejs 6h , 9 nov Mantorp Park"},"content":{"rendered":"<h3>V\u00e4lkommna till ett arrangemang av SLC Racing &amp; Trackday.no<\/h3>\n<p>Vi bjuder in till en Landskamp mellan svenska och norska team i ett 6timmars &#8221;skrotbilsrejs&#8221; &#8230;. d\u00e4r vi g\u00f6r om vem som \u00e4r b\u00e4st p\u00e5 banan mellan norrm\u00e4n och svenskar och forts\u00e4tter med f\u00f6rra \u00e5rets succe &#8230; som ni kan se h\u00e4r &#8230; <a href=\"https:\/\/www.youtube.com\/watch?v=IV6FDai6FIs&amp;t=0s\"><span style=\"color: #0000ff;\"><strong>Youtube l\u00e4nk<\/strong><\/span><\/a><\/p>\n<p>T\u00e4vlingen kommer g\u00e5 med full s\u00e4kerhet p\u00e5 banmanskap och med full service som Livetidtagning med sektortidtagning, LIVE-tv, speaker och massa annat kul<\/p>\n<p>och en fest direkt efter t\u00e4vling p\u00e5 Mantorp omr\u00e5det<\/p>\n<h3><a href=\"http:\/\/slc.se\/wp-content\/uploads\/2019\/09\/regler-2019-1.pdf\"><span style=\"color: #0000ff;\"><strong>L\u00e4nk till regler 2019<\/strong><\/span><\/a><\/h3>\n<h3>Avgifter<\/h3>\n<p>Startavgift 5500<br \/>\nElplats i dep\u00e5n 500<br \/>\nSMA eng\u00e5ngslicens 200, om man inte har \u00e5rslicens i SMA redan.<\/p>\n<p><strong>Prispengar och pokaler<\/strong><\/p>\n<p>F\u00f6rsta pris individuellt&#8230; 5.000 Kronor<\/p>\n<p>Pokaler till topp3 individuellt och 3 b\u00e4sta per nation<br \/>\nPris till samtliga fr\u00e5n vinnande nation, d\u00e4r antal varv r\u00e4knas p\u00e5 alla.<\/p>\n<p><span style=\"color: #0000ff;\"><a style=\"color: #0000ff;\" href=\"https:\/\/www.facebook.com\/events\/2379469728837263\/\" target=\"_blank\" rel=\"noopener\">Facebook inbjudan, d\u00e4r det g\u00e5r l\u00e4mna kommentarer<\/a><\/span><\/p>\n<h2><strong><span style=\"color: #0000ff;\"><a style=\"color: #0000ff;\" href=\"http:\/\/www.svenskamotorsportalliansen.se\/registrations\/add\/28\" target=\"_blank\" rel=\"noopener\">ANM\u00c4LNINGSL\u00c4NK <\/a><\/span><\/strong><\/h2>\n<h3>STARTLISTA:<\/h3>\n<p>1. Streetsnakes \u2013 Toyota Celica \u2013 Sverige<br \/>\n2. Team Ismet racing &#8211; Toyota Yaris &#8211; Norge<br \/>\n3. A2-gator &#8211; Audi A2 &#8211; Norge<br \/>\n4. Buldre Racing Team &#8211; BMW 328 &#8211; Norge<br \/>\n5. Dynatec Racing &#8211; BMW 318is &#8211; Norge<br \/>\n6. Happy ending racing &#8211; Peugeot 206 &#8211; Norge<br \/>\n7. Team ventilflyt &#8211; BMW 320 &#8211; Norge<br \/>\n8. Team Bad Bull &#8211; Peugeot 206 Bad Bull &#8211; Norge<br \/>\n9. Black Flag Boys &#8211; Peugeot 206 &#8211; Sverige<br \/>\n10. Safetech Racing &#8211; TBA &#8211; Norge<br \/>\n11. MPU &#8211; Ford Mondeo &#8211; Sverige<br \/>\n12. SO Racing &#8211;\u00a0 BMW 328 &#8211; Norge<br \/>\n13. Team Pali Pali &#8211; Hyundai I30 &#8211; Sverige<br \/>\n14. Det Heter P\u00f8lse Ikke Korv &#8211; TBA &#8211; Norge<br \/>\n15. Bullshit racingteam &#8211; BMW 328i &#8211; Sverige<br \/>\n16. <span dir=\"ltr\"><span class=\"_3l3x\">Team Superior Media x TimeattackNU.se &#8211; Skruvat BMW 328 &#8211; Sverige<\/span><\/span><br \/>\n17. Team powerrangers &#8211; Peugeot 206 &#8211; Norge<br \/>\n18. Sund Rasarbillag &#8211; Honda CRX &#8211; Norge<br \/>\n19. Ringrever &#8211; Toyota Celica &#8211; Norge<br \/>\n20. TEAM Autotek\u00a0 &#8211; TBA &#8211; Norge<br \/>\n21. R.P.B.R Racing &#8211; Peugeot 206 &#8211; Sverige<br \/>\n22. \u00d8stfold &#8211; Honda Civic &#8211; Norge<br \/>\n23. Apex predators by Walle and the hartbreakers &#8211; Ford Fokusa &#8211; Norge<br \/>\n24. JimbenRacing &#8211; Renault Megane &#8211; Sverige<br \/>\n25. Team Disaster Racing &#8211; Volvo S40 &#8211; Sverige<br \/>\n26. Krokmoen Racingteam &#8211;\u00a0 Opel Vectra B &#8211; Norge<br \/>\n27. G3 racing &#8211; BMW 325 &#8211; Sverige<br \/>\n28. Team Hooligan &#8211; BMW E46 328i Coupe &#8211; Norge<br \/>\n29. S-Sentrum Junior Team &#8211; Audi A3 &#8211; Norge<br \/>\n30. Str\u00e4ngn\u00e4s Bilforum racingteam &#8211; Mazda 323 &#8211; Sverige<br \/>\n31. Rickn\u00e4s Motorsport &#8211; Peugeot 206 Gti &#8211; Sverige<br \/>\n32. Team Illsint &#8211; TBA &#8211; Norge<br \/>\n33. Ettermiddagsbanden &#8211; Opel Astra Bertone &#8211; Norge<br \/>\n34. S\u00f6derbergs Personbilar 1 &#8211; VW Polo &#8211; Sverige<br \/>\n35. S\u00f6derbergs Personbilar 2 &#8211; VW Polo &#8211; Sverige<br \/>\n36. <span class=\"_5yl5\">MMTs terrorister 1 &#8211; TBA &#8211; Sverige<\/span><br \/>\n37. <span class=\"_5yl5\">MMTs terrorister 2 &#8211; TBA &#8211; Sverige<\/span><br \/>\n38. Team Alfab &#8211; Toyota Corolla &#8211; Sverige<br \/>\n39. Team L\u00e5ngburk &#8211; Ford Fiesta ST &#8211; Sverige<br \/>\n40. Klerud Custom &#8211; Peugeot 206 &#8211; Norge<br \/>\n41. Team Eidsberg &#8211; Mercedes C180 &#8211; Norge<br \/>\n42. H\u00f8l i bakken racing &#8211; TBA &#8211; Norge<br \/>\n43. Plan B &#8211; Audi A2 &#8211; Norge<br \/>\n44. MR Nice &#8211; BMW 320 &#8211; Sverige<br \/>\n45. Fast and Old &#8211; BMW Kombi &#8211; Sverige<br \/>\n46. CrimeCrew &#8211; BMW 323 &#8211; Norge<br \/>\n47. NordicTuning Motorsport &#8211; Saab 9-3 Sportcombi &#8211; Sverige<br \/>\n48. FartLab &#8211; Porsche 924 &#8211; Sverige<br \/>\n49. Team Slow and furious &#8211; VW Golf &#8211; Sverige<br \/>\n50. In need of speed &#8211; Peugeot 206 &#8211; Sverige<br \/>\n51. Blodstrupmoen racing &#8211; 318Ti &#8211; Norge<br \/>\n52. Gutta Krutt &#8211; Ford Mondeo &#8211; Norge<br \/>\n53. Stau &#8211; BMW 328i &#8211; Norge<br \/>\n54. Team horses &#8211; BMW &#8211; Norge<br \/>\n55. Team Super-SS-Rally-GT-Fastback-Hardtop-Sprint &#8211; TBA &#8211; Norge<br \/>\n56. Happy racer &#8211; Ford Puma &#8211; Sverige<br \/>\n57. VMK &#8211; Nissan Micra &#8211; Sverige<br \/>\n58.<br \/>\n59.<br \/>\n60.<\/p>\n","protected":false},"excerpt":{"rendered":"<p>V\u00e4lkommna till ett arrangemang av SLC Racing &amp; Trackday.no Vi bjuder in till en Landskamp mellan svenska och norska team i ett 6timmars &#8221;skrotbilsrejs&#8221; &#8230;. d\u00e4r vi g\u00f6r om vem som \u00e4r b\u00e4st p\u00e5 banan mellan norrm\u00e4n och svenskar och forts\u00e4tter med f\u00f6rra \u00e5rets succe &#8230; som ni kan se h\u00e4r &#8230; Youtube l\u00e4nk T\u00e4vlingen<\/p>\n<p><a href=\"https:\/\/slc.se\/?page_id=13132\" class=\"more-link themebutton\">Read More<\/a><\/p>\n","protected":false},"author":1,"featured_media":0,"parent":0,"menu_order":0,"comment_status":"closed","ping_status":"closed","template":"","meta":{"footnotes":""},"_links":{"self":[{"href":"https:\/\/slc.se\/index.php?rest_route=\/wp\/v2\/pages\/13132"}],"collection":[{"href":"https:\/\/slc.se\/index.php?rest_route=\/wp\/v2\/pages"}],"about":[{"href":"https:\/\/slc.se\/index.php?rest_route=\/wp\/v2\/types\/page"}],"author":[{"embeddable":true,"href":"https:\/\/slc.se\/index.php?rest_route=\/wp\/v2\/users\/1"}],"replies":[{"embeddable":true,"href":"https:\/\/slc.se\/index.php?rest_route=%2Fwp%2Fv2%2Fcomments&post=13132"}],"version-history":[{"count":86,"href":"https:\/\/slc.se\/index.php?rest_route=\/wp\/v2\/pages\/13132\/revisions"}],"predecessor-version":[{"id":13226,"href":"https:\/\/slc.se\/index.php?rest_route=\/wp\/v2\/pages\/13132\/revisions\/13226"}],"wp:attachment":[{"href":"https:\/\/slc.se\/index.php?rest_route=%2Fwp%2Fv2%2Fmedia&parent=13132"}],"curies":[{"name":"wp","href":"https:\/\/api.w.org\/{rel}","templated":true}]}}