{"id":11993,"date":"2018-06-25T07:41:18","date_gmt":"2018-06-25T07:41:18","guid":{"rendered":"http:\/\/slc.se\/?page_id=11993"},"modified":"2018-06-26T14:31:44","modified_gmt":"2018-06-26T14:31:44","slug":"actionpics-trackday-25-26-juni-mantorp-park","status":"publish","type":"page","link":"https:\/\/slc.se\/?page_id=11993","title":{"rendered":"Actionpics trackday 25-26 Juni Mantorp Park"},"content":{"rendered":"<h3>Resultat<\/h3>\n<p>&nbsp;<\/p>\n<p><a href=\"http:\/\/slc.se\/wp-content\/uploads\/2018\/06\/Actionpics-A-Final-laptimes.html\">Actionpics &#8211; A Final &#8211; laptimes<\/a><br \/>\n<a href=\"http:\/\/slc.se\/wp-content\/uploads\/2018\/06\/Actionpics-A-Final-Results.html\">Actionpics &#8211; A Final &#8211; Results<\/a><\/p>\n<p><a href=\"http:\/\/slc.se\/wp-content\/uploads\/2018\/06\/Actionpics-B-Final-laptimes.html\">Actionpics &#8211; B Final &#8211; laptimes<\/a><br \/>\n<a href=\"http:\/\/slc.se\/wp-content\/uploads\/2018\/06\/Actionpics-B-Final-Results.html\">Actionpics &#8211; B Final &#8211; Results<\/a><\/p>\n<p><a href=\"http:\/\/slc.se\/wp-content\/uploads\/2018\/06\/Actionpics-Tisdag-Eftermiddag-laptimes.html\">Actionpics &#8211; Tisdag Eftermiddag &#8211; laptimes<\/a><br \/>\n<a href=\"http:\/\/slc.se\/wp-content\/uploads\/2018\/06\/Actionpics-Tisdag-Eftermiddag-Results.html\">Actionpics &#8211; Tisdag Eftermiddag &#8211; Results<\/a><\/p>\n<p><a href=\"http:\/\/slc.se\/wp-content\/uploads\/2018\/06\/Actionpics-Tisdag-f\u00f6rmiddag-laptimes.html\">Actionpics &#8211; Tisdag f\u00f6rmiddag &#8211; laptimes<\/a><br \/>\n<a href=\"http:\/\/slc.se\/wp-content\/uploads\/2018\/06\/Actionpics-Tisdag-f\u00f6rmiddag-Results.html\">Actionpics &#8211; Tisdag f\u00f6rmiddag &#8211; Results<\/a><\/p>\n<p><a href=\"http:\/\/slc.se\/wp-content\/uploads\/2018\/06\/Actionpics-merge-m\u00e5ndag-Results-1.html\">Actionpics &#8211; merge m\u00e5ndag &#8211; Results<\/a><br \/>\n<a href=\"http:\/\/slc.se\/wp-content\/uploads\/2018\/06\/Actionpics-M\u00e5ndag-Eftermiddag-laptimes-1.html\">Actionpics &#8211; M\u00e5ndag Eftermiddag &#8211; laptimes<\/a><br \/>\n<a href=\"http:\/\/slc.se\/wp-content\/uploads\/2018\/06\/Actionpics-M\u00e5ndag-Eftermiddag-Results-1.html\">Actionpics &#8211; M\u00e5ndag Eftermiddag &#8211; Results<\/a><\/p>\n<p><a href=\"http:\/\/slc.se\/wp-content\/uploads\/2018\/06\/Actionpics-M\u00e5ndag-F\u00f6rmiddag-Results.html\">Actionpics &#8211; M\u00e5ndag F\u00f6rmiddag &#8211; Results<\/a><br \/>\n<a href=\"http:\/\/slc.se\/wp-content\/uploads\/2018\/06\/Actionpics-M\u00e5ndag-F\u00f6rmiddag-laptimes.html\">Actionpics &#8211; M\u00e5ndag F\u00f6rmiddag &#8211; laptimes<\/a><\/p>\n","protected":false},"excerpt":{"rendered":"<p>Resultat &nbsp; Actionpics &#8211; A Final &#8211; laptimes Actionpics &#8211; A Final &#8211; Results Actionpics &#8211; B Final &#8211; laptimes Actionpics &#8211; B Final &#8211; Results Actionpics &#8211; Tisdag Eftermiddag &#8211; laptimes Actionpics &#8211; Tisdag Eftermiddag &#8211; Results Actionpics &#8211; Tisdag f\u00f6rmiddag &#8211; laptimes Actionpics &#8211; Tisdag f\u00f6rmiddag &#8211; Results Actionpics &#8211; merge m\u00e5ndag &#8211;<\/p>\n<p><a href=\"https:\/\/slc.se\/?page_id=11993\" class=\"more-link themebutton\">Read More<\/a><\/p>\n","protected":false},"author":1,"featured_media":0,"parent":264,"menu_order":0,"comment_status":"closed","ping_status":"closed","template":"","meta":{"footnotes":""},"_links":{"self":[{"href":"https:\/\/slc.se\/index.php?rest_route=\/wp\/v2\/pages\/11993"}],"collection":[{"href":"https:\/\/slc.se\/index.php?rest_route=\/wp\/v2\/pages"}],"about":[{"href":"https:\/\/slc.se\/index.php?rest_route=\/wp\/v2\/types\/page"}],"author":[{"embeddable":true,"href":"https:\/\/slc.se\/index.php?rest_route=\/wp\/v2\/users\/1"}],"replies":[{"embeddable":true,"href":"https:\/\/slc.se\/index.php?rest_route=%2Fwp%2Fv2%2Fcomments&post=11993"}],"version-history":[{"count":10,"href":"https:\/\/slc.se\/index.php?rest_route=\/wp\/v2\/pages\/11993\/revisions"}],"predecessor-version":[{"id":12021,"href":"https:\/\/slc.se\/index.php?rest_route=\/wp\/v2\/pages\/11993\/revisions\/12021"}],"up":[{"embeddable":true,"href":"https:\/\/slc.se\/index.php?rest_route=\/wp\/v2\/pages\/264"}],"wp:attachment":[{"href":"https:\/\/slc.se\/index.php?rest_route=%2Fwp%2Fv2%2Fmedia&parent=11993"}],"curies":[{"name":"wp","href":"https:\/\/api.w.org\/{rel}","templated":true}]}}